{"id":343,"date":"2020-02-04T12:30:28","date_gmt":"2020-02-04T11:30:28","guid":{"rendered":"https:\/\/77.104.137.153\/~nadifix9\/zubigune\/gestion-fundae\/"},"modified":"2020-08-25T15:06:58","modified_gmt":"2020-08-25T13:06:58","slug":"fundae-kudeaketa","status":"publish","type":"page","link":"https:\/\/zubigune.org\/eu\/enpresak\/fundae-kudeaketa\/","title":{"rendered":"FUNDAE Kudeaketa"},"content":{"rendered":"<div id='av_section_1'  class='avia-section main_color avia-section-large avia-no-border-styling  avia-full-stretch av-section-color-overlay-active avia-bg-style-fixed  avia-builder-el-0  el_before_av_section  avia-builder-el-first   av-minimum-height av-minimum-height-50  container_wrap fullsize' style='background-repeat: no-repeat; background-image: url(https:\/\/zubigune.org\/wp-content\/uploads\/2020\/05\/GESTION-FUNDAE.jpg);background-attachment: fixed; background-position: center center;  '  data-section-bg-repeat='stretch' data-av_minimum_height_pc='50'><div class='av-section-color-overlay-wrap'><div class='av-section-color-overlay' style='opacity: 0.5; background-color: #000000; '><\/div><div class='container' ><main  role=\"main\" itemprop=\"mainContentOfPage\"  class='template-page content  av-content-full alpha units'><div class='post-entry post-entry-type-page post-entry-343'><div class='entry-content-wrapper clearfix'>\n<section class=\"av_textblock_section \"  itemscope=\"itemscope\" itemtype=\"https:\/\/schema.org\/CreativeWork\" ><div class='avia_textblock  av_inherit_color '  style='color:#ffffff; '  itemprop=\"text\" ><h1 style=\"text-align: center;\">FUNDAE FUNDAZIOAREN KUDEAKETA<\/h1>\n<\/div><\/section>\n<div  style=' margin-top:0px; margin-bottom:30px;'  class='hr hr-custom hr-center hr-icon-no   avia-builder-el-2  el_after_av_textblock  el_before_av_one_fifth '><span class='hr-inner  inner-border-av-border-fat' style=' width:50px; border-color:#ffffff;' ><span class='hr-inner-style'><\/span><\/span><\/div>\n<div class=\"flex_column av_one_fifth  flex_column_div av-zero-column-padding first  avia-builder-el-3  el_after_av_hr  el_before_av_three_fifth  \" style='border-radius:0px; '><\/div><div class=\"flex_column av_three_fifth  flex_column_div av-zero-column-padding   avia-builder-el-4  el_after_av_one_fifth  el_before_av_one_fifth  \" style='border-radius:0px; '><section class=\"av_textblock_section \"  itemscope=\"itemscope\" itemtype=\"https:\/\/schema.org\/CreativeWork\" ><div class='avia_textblock  av_inherit_color '  style='color:#ffffff; '  itemprop=\"text\" ><h2 style=\"text-align: center;\">Ba al zenekien enpresa guztiek dutela beraien langileak trebatzen kontsumitzeko urteko kreditu bat?<\/h2>\n<\/div><\/section><\/div><div class=\"flex_column av_one_fifth  flex_column_div av-zero-column-padding   avia-builder-el-6  el_after_av_three_fifth  avia-builder-el-last  \" style='border-radius:0px; '><\/div><\/div><\/div><\/main><!-- close content main element --><\/div><div class='av-extra-border-element border-extra-diagonal border-extra-diagonal-inverse '><div class='av-extra-border-outer'><div class='av-extra-border-inner'  style='background-color:#ffffff;' ><\/div><\/div><\/div><\/div><\/div><div id='av_section_2'  class='avia-section main_color avia-section-small avia-no-border-styling  avia-bg-style-scroll  avia-builder-el-7  el_after_av_section  el_before_av_section   container_wrap fullsize' style=' '  ><div class='container' ><div class='template-page content  av-content-full alpha units'><div class='post-entry post-entry-type-page post-entry-343'><div class='entry-content-wrapper clearfix'>\n<div class=\"flex_column av_one_fifth  flex_column_div av-zero-column-padding first  avia-builder-el-8  el_before_av_three_fifth  avia-builder-el-first  \" style='border-radius:0px; '><\/div><div class=\"flex_column av_three_fifth  flex_column_div av-zero-column-padding   avia-builder-el-9  el_after_av_one_fifth  el_before_av_one_fifth  \" style='border-radius:0px; '><section class=\"av_textblock_section \"  itemscope=\"itemscope\" itemtype=\"https:\/\/schema.org\/CreativeWork\" ><div class='avia_textblock  '  style='font-size:20px; '  itemprop=\"text\" ><p style=\"text-align: center;\">Enpresa bakoitzak barne- eta\/edo kanpo-prestakuntzan bakarrik kontsumitzeko kreditu bat du, langileengatik gizarte segurantzari egiten dion kotizazioaren arabera.<br \/>\nHobaria langileen lan-aseguruetan aplikatzen da eta, FUNDAE Enpleguko Prestakuntzarako Estatuko Fundazioaren bitartez, prestakuntzaren zati bati dagokion hobaria eskura daiteke.<\/p>\n<\/div><\/section><br \/>\n<section class=\"av_textblock_section \"  itemscope=\"itemscope\" itemtype=\"https:\/\/schema.org\/CreativeWork\" ><div class='avia_textblock  '  style='font-size:20px; '  itemprop=\"text\" ><p style=\"text-align: center;\">Informazio gehiagorako: <a href=\"&#x6d;&#x61;&#105;&#108;t&#x6f;&#x3a;&#x69;&#110;fo&#x40;&#x7a;&#117;&#98;i&#x67;&#x75;&#x6e;&#101;&#46;o&#x72;&#x67;\">&#105;&#110;&#x66;o&#64;&#x7a;&#x75;b&#105;&#x67;&#x75;n&#101;&#x2e;o&#114;&#x67;<\/a><\/p>\n<\/div><\/section><br \/>\n<div  style='height:30px' class='hr hr-invisible   avia-builder-el-12  el_after_av_textblock  el_before_av_button '><span class='hr-inner ' ><span class='hr-inner-style'><\/span><\/span><\/div><br \/>\n<div  class='avia-button-wrap avia-button-center  avia-builder-el-13  el_after_av_hr  el_before_av_hr ' ><a href='https:\/\/zubigune.org\/wp-content\/uploads\/2020\/04\/Cursos_ZubiGune_2020_t.pdf' class='avia-button av-icon-on-hover avia-color-theme-color   avia-icon_select-yes-right-icon avia-size-large avia-position-center ' target=\"_blank\" rel=\"noopener noreferrer\"><span class='avia_iconbox_title' >ZUBIGUNE KURTSOAK 2020<\/span><span class='avia_button_icon avia_button_icon_right' aria-hidden='true' data-av_icon='\ue875' data-av_iconfont='entypo-fontello'><\/span><\/a><\/div><br \/>\n<div  style='height:150px' class='hr hr-invisible   avia-builder-el-14  el_after_av_button  avia-builder-el-last '><span class='hr-inner ' ><span class='hr-inner-style'><\/span><\/span><\/div><\/p><\/div><div class=\"flex_column av_one_fifth  flex_column_div av-zero-column-padding   avia-builder-el-15  el_after_av_three_fifth  avia-builder-el-last  \" style='border-radius:0px; '><\/div><\/div><\/div><\/div><!-- close content main div --><\/div><div class='av-extra-border-element border-extra-diagonal border-extra-diagonal-inverse '><div class='av-extra-border-outer'><div class='av-extra-border-inner'  style='background-color:#f2f2f2;' ><\/div><\/div><\/div><\/div><div id='av_section_3'  class='avia-section main_color avia-section-large avia-no-border-styling  avia-bg-style-fixed  avia-builder-el-16  el_after_av_section  avia-builder-el-last  diag2  container_wrap fullsize' style='background-color: #f2f2f2;  '  ><div class='container' ><div class='template-page content  av-content-full alpha units'><div class='post-entry post-entry-type-page post-entry-343'><div class='entry-content-wrapper clearfix'>\n<div class=\"flex_column av_one_half  av-animated-generic left-to-right  flex_column_div av-zero-column-padding first  avia-builder-el-17  el_before_av_one_half  avia-builder-el-first  \" style='border-radius:0px; '><section class=\"av_textblock_section \"  itemscope=\"itemscope\" itemtype=\"https:\/\/schema.org\/CreativeWork\" ><div class='avia_textblock  '   itemprop=\"text\" ><h3>\u00bfQu\u00e9 ofrece ZubiGune a tu empresa y trabajadores?<\/h3>\n<\/div><\/section><br \/>\n<div  style=' margin-top:0px; margin-bottom:30px;'  class='hr hr-custom hr-left hr-icon-no   avia-builder-el-19  el_after_av_textblock  el_before_av_textblock '><span class='hr-inner  inner-border-av-border-fat' style=' width:50px; border-color:#ff9500;' ><span class='hr-inner-style'><\/span><\/span><\/div><br \/>\n<section class=\"av_textblock_section \"  itemscope=\"itemscope\" itemtype=\"https:\/\/schema.org\/CreativeWork\" ><div class='avia_textblock  '   itemprop=\"text\" ><p>En ZubiGune sabemos bien que la gesti\u00f3n correcta de FUNDAE puede resultar complicada. Por eso queremos ayudarte, y ofrecemos realizar las gestiones pertinentes sin coste extra a\u00f1adido.<\/p>\n<\/div><\/section><\/p><\/div><div class=\"flex_column av_one_half  av-animated-generic left-to-right  flex_column_div av-zero-column-padding   avia-builder-el-21  el_after_av_one_half  avia-builder-el-last  \" style='border-radius:0px; '><section class=\"av_textblock_section \"  itemscope=\"itemscope\" itemtype=\"https:\/\/schema.org\/CreativeWork\" ><div class='avia_textblock  '   itemprop=\"text\" ><h3>\u00bfA qu\u00e9 esperas para conocer el cr\u00e9dito de tu empresa?<\/h3>\n<\/div><\/section><br \/>\n<div  style=' margin-top:0px; margin-bottom:30px;'  class='hr hr-custom hr-left hr-icon-no   avia-builder-el-23  el_after_av_textblock  el_before_av_textblock '><span class='hr-inner  inner-border-av-border-fat' style=' width:50px; border-color:#ff9500;' ><span class='hr-inner-style'><\/span><\/span><\/div><br \/>\n<section class=\"av_textblock_section \"  itemscope=\"itemscope\" itemtype=\"https:\/\/schema.org\/CreativeWork\" ><div class='avia_textblock  '   itemprop=\"text\" ><p>Contacta con nosotros y te lo decimos sin compromiso alguno.<br \/>\nLa cantidad a bonificar depender\u00e1 de distintos factores, como el n\u00famero de trabajadores, la cantidad de formaciones realizadas en el a\u00f1o en curso, y sobre todo, del n\u00famero de participantes en la formaci\u00f3n.<\/p>\n<p>Habitualmente, y en el mejor de los casos, la bonificaci\u00f3n m\u00e1xima que se puede obtener se calcula como sigue: 13\u20ac\/h * horas de curso * n\u00ba de alumnos.<\/p>\n<\/div><\/section><\/p><\/div>\n<\/p>\n","protected":false},"excerpt":{"rendered":"","protected":false},"author":2,"featured_media":0,"parent":357,"menu_order":0,"comment_status":"closed","ping_status":"closed","template":"","meta":{"_acf_changed":false,"footnotes":""},"acf":[],"_links":{"self":[{"href":"https:\/\/zubigune.org\/eu\/wp-json\/wp\/v2\/pages\/343"}],"collection":[{"href":"https:\/\/zubigune.org\/eu\/wp-json\/wp\/v2\/pages"}],"about":[{"href":"https:\/\/zubigune.org\/eu\/wp-json\/wp\/v2\/types\/page"}],"author":[{"embeddable":true,"href":"https:\/\/zubigune.org\/eu\/wp-json\/wp\/v2\/users\/2"}],"replies":[{"embeddable":true,"href":"https:\/\/zubigune.org\/eu\/wp-json\/wp\/v2\/comments?post=343"}],"version-history":[{"count":0,"href":"https:\/\/zubigune.org\/eu\/wp-json\/wp\/v2\/pages\/343\/revisions"}],"up":[{"embeddable":true,"href":"https:\/\/zubigune.org\/eu\/wp-json\/wp\/v2\/pages\/357"}],"wp:attachment":[{"href":"https:\/\/zubigune.org\/eu\/wp-json\/wp\/v2\/media?parent=343"}],"curies":[{"name":"wp","href":"https:\/\/api.w.org\/{rel}","templated":true}]}}