{"id":342,"date":"2020-02-04T12:30:41","date_gmt":"2020-02-04T11:30:41","guid":{"rendered":"https:\/\/77.104.137.153\/~nadifix9\/zubigune\/formacion-a-demanda\/"},"modified":"2020-09-07T10:29:22","modified_gmt":"2020-09-07T08:29:22","slug":"enpresei-eskainitako-prestakuntza","status":"publish","type":"page","link":"https:\/\/zubigune.org\/eu\/enpresak\/enpresei-eskainitako-prestakuntza\/","title":{"rendered":"Enpresei eskainitako prestakuntza"},"content":{"rendered":"<div id='av_section_1'  class='avia-section main_color avia-section-large avia-no-border-styling  avia-full-stretch av-section-color-overlay-active avia-bg-style-fixed  avia-builder-el-0  el_before_av_section  avia-builder-el-first   av-minimum-height av-minimum-height-50  container_wrap fullsize' style='background-repeat: no-repeat; background-image: url(https:\/\/zubigune.org\/wp-content\/uploads\/2020\/04\/Formaci\u00f3n-a-demanda.jpg);background-attachment: fixed; background-position: center center;  '  data-section-bg-repeat='stretch' data-av_minimum_height_pc='50'><div class='av-section-color-overlay-wrap'><div class='av-section-color-overlay' style='opacity: 0.5; background-color: #000000; '><\/div><div class='container' ><main  role=\"main\" itemprop=\"mainContentOfPage\"  class='template-page content  av-content-full alpha units'><div class='post-entry post-entry-type-page post-entry-342'><div class='entry-content-wrapper clearfix'>\n<section class=\"av_textblock_section \"  itemscope=\"itemscope\" itemtype=\"https:\/\/schema.org\/CreativeWork\" ><div class='avia_textblock  av_inherit_color '  style='color:#ffffff; '  itemprop=\"text\" ><h1 style=\"text-align: center;\">Enpresei eskainitako prestakuntza<\/h1>\n<\/div><\/section>\n<div  style=' margin-top:0px; margin-bottom:30px;'  class='hr hr-custom hr-center hr-icon-no   avia-builder-el-2  el_after_av_textblock  el_before_av_one_fifth '><span class='hr-inner  inner-border-av-border-fat' style=' width:50px; border-color:#ffffff;' ><span class='hr-inner-style'><\/span><\/span><\/div>\n<div class=\"flex_column av_one_fifth  flex_column_div av-zero-column-padding first  avia-builder-el-3  el_after_av_hr  el_before_av_three_fifth  \" style='border-radius:0px; '><\/div><div class=\"flex_column av_three_fifth  flex_column_div av-zero-column-padding   avia-builder-el-4  el_after_av_one_fifth  el_before_av_one_fifth  \" style='border-radius:0px; '><section class=\"av_textblock_section \"  itemscope=\"itemscope\" itemtype=\"https:\/\/schema.org\/CreativeWork\" ><div class='avia_textblock  av_inherit_color '  style='color:#ffffff; '  itemprop=\"text\" ><h1 style=\"text-align: center;\">TU EQUIPO ES EL PRINCIPAL ACTIVO DE TU NEGOCIO. CU\u00cdDALO.<\/h1>\n<\/div><\/section><\/div><div class=\"flex_column av_one_fifth  flex_column_div av-zero-column-padding   avia-builder-el-6  el_after_av_three_fifth  avia-builder-el-last  \" style='border-radius:0px; '><\/div>\n\n<\/div><\/div><\/main><!-- close content main element --><\/div><div class='av-extra-border-element border-extra-diagonal border-extra-diagonal-inverse '><div class='av-extra-border-outer'><div class='av-extra-border-inner'  style='background-color:#ffffff;' ><\/div><\/div><\/div><\/div><\/div><div id='av_section_2'  class='avia-section main_color avia-section-large avia-no-border-styling  avia-bg-style-scroll  avia-builder-el-7  el_after_av_section  el_before_av_section   container_wrap fullsize' style=' '  ><div class='container' ><div class='template-page content  av-content-full alpha units'><div class='post-entry post-entry-type-page post-entry-342'><div class='entry-content-wrapper clearfix'>\n<div class=\"flex_column av_one_half  av-animated-generic left-to-right  flex_column_div av-zero-column-padding first  avia-builder-el-8  el_before_av_one_half  avia-builder-el-first  \" style='border-radius:0px; '><section class=\"av_textblock_section \"  itemscope=\"itemscope\" itemtype=\"https:\/\/schema.org\/CreativeWork\" ><div class='avia_textblock  '   itemprop=\"text\" ><blockquote>\n<h3>MUCHO M\u00c1S QUE FORMACI\u00d3N.<br \/>\n\u00a1NO TE LO PUEDES PERDER!<\/h3>\n<p>En ZubiGune Fundazioa dise\u00f1amos y organizamos formaci\u00f3n dirigida a empresas y entes p\u00fablicos. Las formaciones pueden ser multiempresa o dirigidas a una \u00fanica empresa para solventar necesidades concretas.<\/p>\n<\/blockquote>\n<\/div><\/section><br \/>\n<div  style='height:50px' class='hr hr-invisible   avia-builder-el-10  el_after_av_textblock  el_before_av_textblock '><span class='hr-inner ' ><span class='hr-inner-style'><\/span><\/span><\/div><br \/>\n<section class=\"av_textblock_section \"  itemscope=\"itemscope\" itemtype=\"https:\/\/schema.org\/CreativeWork\" ><div class='avia_textblock  '   itemprop=\"text\" ><h3>Zer ikastaro eskaintzen dira?<\/h3>\n<\/div><\/section><br \/>\n<div  style=' margin-top:0px; margin-bottom:30px;'  class='hr hr-custom hr-left hr-icon-no   avia-builder-el-12  el_after_av_textblock  el_before_av_textblock '><span class='hr-inner  inner-border-av-border-fat' style=' width:50px; border-color:#ff9500;' ><span class='hr-inner-style'><\/span><\/span><\/div><br \/>\n<section class=\"av_textblock_section \"  itemscope=\"itemscope\" itemtype=\"https:\/\/schema.org\/CreativeWork\" ><div class='avia_textblock  '   itemprop=\"text\" ><p>A medida que las empresas y entes del entorno han ido solicitando acciones formativas, ZubiGune ha ido desarrollando un <strong>amplio cat\u00e1logo de cursos desarrollados a medida, dirigidas a \u00fanica empresa o multiempresa<\/strong>, divididos en diferentes \u00e1reas o familias profesionales, en modalidad presencial, online o mixta.<\/p>\n<p>Dise\u00f1amos desde p\u00edldoras formativas que ofrecen soluci\u00f3n a una necesidad muy concreta, hasta cursos m\u00e1s largos de hasta 400 horas.<\/p>\n<p>Seg\u00fan la naturaleza y necesidades, se realizar\u00e1 en las instalaciones de la propia empresa, en ZubiGune o en instalaciones de terceros.<\/p>\n<p>A continuaci\u00f3n encontrar\u00e9is algunos de los cursos m\u00e1s demandados. Si la necesidad de vuestra organizaci\u00f3n es otra, os invitamos a contactar con ZubiGune para escucharos de primera mano, identificar vuestras necesidades y ofreceros una soluci\u00f3n a medida.<\/p>\n<\/div><\/section><\/p><\/div><div class=\"flex_column av_one_half  av-animated-generic left-to-right  flex_column_div av-zero-column-padding   avia-builder-el-14  el_after_av_one_half  avia-builder-el-last  \" style='border-radius:0px; '><section class=\"av_textblock_section \"  itemscope=\"itemscope\" itemtype=\"https:\/\/schema.org\/CreativeWork\" ><div class='avia_textblock  '   itemprop=\"text\" ><h3>Cursos m\u00e1s demandados:<span style=\"color: #ff9500;\"> <a style=\"color: #ff9500;\" href=\"https:\/\/zubigune.org\/wp-content\/uploads\/2020\/05\/Cursos_ZubiGune_2020_t.pdf\">(Descargar cat\u00e1logo)<\/a><\/span><\/h3>\n<\/div><\/section><br \/>\n<div  style=' margin-top:0px; margin-bottom:30px;'  class='hr hr-custom hr-left hr-icon-no   avia-builder-el-16  el_after_av_textblock  el_before_av_textblock '><span class='hr-inner  inner-border-av-border-fat' style=' width:50px; border-color:#ff9500;' ><span class='hr-inner-style'><\/span><\/span><\/div><br \/>\n<section class=\"av_textblock_section \"  itemscope=\"itemscope\" itemtype=\"https:\/\/schema.org\/CreativeWork\" ><div class='avia_textblock  '   itemprop=\"text\" ><ul>\n<li><strong>FABRIKAZIO MEKANIKOA:<\/strong>\n<ul>\n<li>GALDAKETA<\/li>\n<li>SOLDADURA<\/li>\n<li>MARRAZKETA TEKNIKOA (AUTOCAD,CATIA, SOLIDWORKS, SOLIDEDGE\u2026)<\/li>\n<li>TORNURAKO ETA FRESATZEKO PROGRAMAZIOA (CAM GIBBS, FAGOR, HEIDENHEIM\u2026)<\/li>\n<li>PRESTAKUNTZA-SAIOAK MAKINAN BERTAN<\/li>\n<\/ul>\n<\/li>\n<li><strong> INSTALAZIO ETA MANTENU ELEKTROMEKANIKOA<\/strong>\n<ul>\n<li>EKIPO INDUSTRIALEN MUNTATZE ETA MANTENU MEKANIKOA<\/li>\n<li>ANALISIA ETA AKATSAK DETEKTATZEA<\/li>\n<li>HIDRAULIKOA<\/li>\n<li>PNEUMATIKOA<\/li>\n<\/ul>\n<\/li>\n<li><strong>ELEKTRIZITATEA \/ ELEKTRONIKA<\/strong>\n<ul>\n<li>ZIRKUITU INPRIMATUEN DISEINUA<\/li>\n<li>ELEKTRONIKA ANALOGIKOA<\/li>\n<li>SIEMENS TIA PORTAL<\/li>\n<li>STEP 7<\/li>\n<\/ul>\n<\/li>\n<li><strong>ADMINISTRAZIOA ETA KUDEAKETA<\/strong>\n<ul>\n<li>AURKEZPEN ERAGINKORRAK, ZURE ENTZULEENGANA IRISTEKO<\/li>\n<li>BIDEOKONFERENTZIEN BITARTEZ SALTZEA<\/li>\n<li>BEZEROARENGANAKO ARRETA ETA KALITATEA ZERBITZUAN<\/li>\n<li>ZIURTAGIRI DIGITALAK<\/li>\n<li>EXCEL ETA ZURE ENPRESARA APLIKATUTAKO BESTE SOFTWARE BATZUK<\/li>\n<li>KONTABILITATEA (ABEEak\u2026)<\/li>\n<li>NOMINAK<\/li>\n<\/ul>\n<\/li>\n<li><strong>ENERGIA BERRIZTAGARRIAK ETA ENERGIA-ERAGINKORTASUNA<\/strong>\n<ul>\n<li>EGUZKI-ENERGIA FOTOVOLTAIKOA ETA TERMIKOA (FOTOVOLTAIKOAREN KASUAN, ONLINE MODALITATEA DAGO)<\/li>\n<li>AKUIKULTURA<\/li>\n<li>BIOEKONOMIA ZIRKULARRA<\/li>\n<li>BERO-PONPAK<\/li>\n<li>BIOMASA<\/li>\n<li>MINI EOLIKO<\/li>\n<\/ul>\n<\/li>\n<\/ul>\n<\/div><\/section><\/p><\/div><\/div><\/div><\/div><!-- close content main div --><\/div><\/div><div id='av_section_3'  class='avia-section main_color avia-section-default avia-no-border-styling  avia-full-stretch av-section-color-overlay-active avia-bg-style-fixed  avia-builder-el-18  el_after_av_section  avia-builder-el-last  diag2  av-minimum-height av-minimum-height-50  container_wrap fullsize' style='background-repeat: no-repeat; background-image: url(https:\/\/zubigune.org\/wp-content\/uploads\/2020\/05\/FORMACION-A-DEMANDA.jpg);background-attachment: fixed; background-position: center center;  '  data-section-bg-repeat='stretch' data-av_minimum_height_pc='50'><div class='av-section-color-overlay-wrap'><div class='av-section-color-overlay' style='opacity: 0.5; background-color: #0a0a0a; '><\/div><div class='container' ><div class='template-page content  av-content-full alpha units'><div class='post-entry post-entry-type-page post-entry-342'><div class='entry-content-wrapper clearfix'>\n<section class=\"av_textblock_section \"  itemscope=\"itemscope\" itemtype=\"https:\/\/schema.org\/CreativeWork\" ><div class='avia_textblock  av_inherit_color '  style='font-size:27px; color:#ffffff; '  itemprop=\"text\" ><p style=\"text-align: center;\">Contacta con Zubigune para encontrar una soluci\u00f3n a las necesidades de tu empresa.<\/p>\n<\/div><\/section>\n<div  class='avia-button-wrap avia-button-center  avia-builder-el-20  el_after_av_textblock  avia-builder-el-last ' ><a href='https:\/\/zubigune.org\/eu\/contacto\/'  class='avia-button av-icon-on-hover avia-color-theme-color   avia-icon_select-yes-right-icon avia-size-large avia-position-center '  target=\"_blank\"  rel=\"noopener noreferrer\"  ><span class='avia_iconbox_title' >HARREMANETARAKO<\/span><span class='avia_button_icon avia_button_icon_right' aria-hidden='true' data-av_icon='\ue875' data-av_iconfont='entypo-fontello'><\/span><\/a><\/div>\n<\/p>\n","protected":false},"excerpt":{"rendered":"","protected":false},"author":2,"featured_media":0,"parent":357,"menu_order":0,"comment_status":"closed","ping_status":"closed","template":"","meta":{"_acf_changed":false,"footnotes":""},"acf":[],"_links":{"self":[{"href":"https:\/\/zubigune.org\/eu\/wp-json\/wp\/v2\/pages\/342"}],"collection":[{"href":"https:\/\/zubigune.org\/eu\/wp-json\/wp\/v2\/pages"}],"about":[{"href":"https:\/\/zubigune.org\/eu\/wp-json\/wp\/v2\/types\/page"}],"author":[{"embeddable":true,"href":"https:\/\/zubigune.org\/eu\/wp-json\/wp\/v2\/users\/2"}],"replies":[{"embeddable":true,"href":"https:\/\/zubigune.org\/eu\/wp-json\/wp\/v2\/comments?post=342"}],"version-history":[{"count":0,"href":"https:\/\/zubigune.org\/eu\/wp-json\/wp\/v2\/pages\/342\/revisions"}],"up":[{"embeddable":true,"href":"https:\/\/zubigune.org\/eu\/wp-json\/wp\/v2\/pages\/357"}],"wp:attachment":[{"href":"https:\/\/zubigune.org\/eu\/wp-json\/wp\/v2\/media?parent=342"}],"curies":[{"name":"wp","href":"https:\/\/api.w.org\/{rel}","templated":true}]}}