{"id":1058,"date":"2020-04-27T21:20:48","date_gmt":"2020-04-27T19:20:48","guid":{"rendered":"https:\/\/35.214.243.227\/~nadifix9\/zubigune\/programa-tecnicos-para-chile-chile\/"},"modified":"2020-09-07T10:53:24","modified_gmt":"2020-09-07T08:53:24","slug":"txilerako-teknikoak","status":"publish","type":"page","link":"https:\/\/zubigune.org\/eu\/txilerako-teknikoak\/","title":{"rendered":"Txilerako Teknikoak"},"content":{"rendered":"<div id='av_section_1'  class='avia-section main_color avia-section-large avia-no-border-styling  avia-full-stretch av-section-color-overlay-active avia-bg-style-fixed  avia-builder-el-0  el_before_av_section  avia-builder-el-first   av-minimum-height av-minimum-height-50  container_wrap fullsize' style='background-repeat: no-repeat; background-image: url(https:\/\/zubigune.org\/wp-content\/uploads\/2020\/04\/CHILE.jpg);background-attachment: fixed; background-position: center center;  '  data-section-bg-repeat='stretch' data-av_minimum_height_pc='50'><div class='av-section-color-overlay-wrap'><div class='av-section-color-overlay' style='opacity: 0.5; background-color: #000000; '><\/div><div class='container' ><main  role=\"main\" itemprop=\"mainContentOfPage\"  class='template-page content  av-content-full alpha units'><div class='post-entry post-entry-type-page post-entry-1058'><div class='entry-content-wrapper clearfix'>\n<section class=\"av_textblock_section \"  itemscope=\"itemscope\" itemtype=\"https:\/\/schema.org\/CreativeWork\" ><div class='avia_textblock  av_inherit_color '  style='color:#ffffff; '  itemprop=\"text\" ><h1 style=\"text-align: center;\">Programa T\u00e9cnicos para Chile (Chile)<\/h1>\n<\/div><\/section>\n\n<\/div><\/div><\/main><!-- close content main element --><\/div><div class='av-extra-border-element border-extra-diagonal border-extra-diagonal-inverse '><div class='av-extra-border-outer'><div class='av-extra-border-inner'  style='background-color:#ffffff;' ><\/div><\/div><\/div><\/div><\/div><div id='av_section_2'  class='avia-section main_color avia-section-large avia-no-border-styling  avia-bg-style-scroll  avia-builder-el-2  el_after_av_section  el_before_av_section   container_wrap fullsize' style=' '  ><div class='container' ><div class='template-page content  av-content-full alpha units'><div class='post-entry post-entry-type-page post-entry-1058'><div class='entry-content-wrapper clearfix'>\n<div class=\"flex_column av_one_half  av-animated-generic left-to-right  flex_column_div av-zero-column-padding first  avia-builder-el-3  el_before_av_one_half  avia-builder-el-first  \" style='border-radius:0px; '><section class=\"av_textblock_section \"  itemscope=\"itemscope\" itemtype=\"https:\/\/schema.org\/CreativeWork\" ><div class='avia_textblock  '   itemprop=\"text\" ><h3>Servicios tecnol\u00f3gicos<br \/>\nde innovaci\u00f3n y mejora.<\/h3>\n<\/div><\/section><br \/>\n<div  style=' margin-top:0px; margin-bottom:30px;'  class='hr hr-custom hr-left hr-icon-no   avia-builder-el-5  el_after_av_textblock  el_before_av_textblock '><span class='hr-inner  inner-border-av-border-fat' style=' width:50px; border-color:#ff9500;' ><span class='hr-inner-style'><\/span><\/span><\/div><br \/>\n<section class=\"av_textblock_section \"  itemscope=\"itemscope\" itemtype=\"https:\/\/schema.org\/CreativeWork\" ><div class='avia_textblock  '   itemprop=\"text\" ><p>Desde el 2013, ZubiGune Fundazioa en colaboraci\u00f3n con CIFP Usurbil LHII y Tknika,ha participado en el Programa T\u00e9cnicos para Chile, que tiene como finalidad contribuir a la formaci\u00f3n de t\u00e9cnicos de nivel superior mediante becas desarrolladas en el extranjero, que permiten a los participantes realizar estudios de especializaci\u00f3n y perfeccionamiento de competencias t\u00e9cnicas en su \u00e1rea profesional.<\/p>\n<p>Adem\u00e1s de aumentar las oportunidades de estudio y perfeccionamiento en el exterior, el Programa pretende fortalecer la vinculaci\u00f3n internacional con instituciones de educaci\u00f3n e investigaci\u00f3n de excelencia.<\/p>\n<\/div><\/section><\/p><\/div><div class=\"flex_column av_one_half  av-animated-generic left-to-right  flex_column_div av-zero-column-padding   avia-builder-el-7  el_after_av_one_half  avia-builder-el-last  \" style='border-radius:0px; '><section class=\"av_textblock_section \"  itemscope=\"itemscope\" itemtype=\"https:\/\/schema.org\/CreativeWork\" ><div class='avia_textblock  '   itemprop=\"text\" ><h3>Asesoramiento<br \/>\npara la innovaci\u00f3n.<\/h3>\n<\/div><\/section><br \/>\n<div  style=' margin-top:0px; margin-bottom:30px;'  class='hr hr-custom hr-left hr-icon-no   avia-builder-el-9  el_after_av_textblock  el_before_av_textblock '><span class='hr-inner  inner-border-av-border-fat' style=' width:50px; border-color:#ff9500;' ><span class='hr-inner-style'><\/span><\/span><\/div><br \/>\n<section class=\"av_textblock_section \"  itemscope=\"itemscope\" itemtype=\"https:\/\/schema.org\/CreativeWork\" ><div class='avia_textblock  '   itemprop=\"text\" ><p>Dentro de este Programa, ZubiGune Fundazioa y CIFP Usurbil LHII son dos de las entidades del Pa\u00eds Vasco que ofrecen estudios de especializaci\u00f3n y perfeccionamiento de competencias t\u00e9cnicas, gracias a un acuerdo de colaboraci\u00f3n en cooperaci\u00f3n educacional, cient\u00edfica y tecnol\u00f3gica entre el Ministerio de Educaci\u00f3n del Gobierno de Chile y la Vice-consejer\u00eda de Formaci\u00f3n Profesional del Departamento de Educaci\u00f3n, Pol\u00edtica Ling\u00fc\u00edstica y Cultura del Gobierno Vasco.<\/p>\n<p>Adem\u00e1s de las \u00e1reas de Energ\u00edas Renovables y Eficiencia Energ\u00e9tica, el Programa T\u00e9cnicos para Chile se dirige tambi\u00e9n a docentes del sistema de educaci\u00f3n T\u00e9cnico Profesional que quieren actualizar competencias para, entre otras cuestiones, contar en Chile con profesionales que puedan asumir eficientemente la implementaci\u00f3n de nuevas tecnolog\u00edas de taller y\/o laboratorio, acordes a las exigencias del mercado laboral.<\/p>\n<\/div><\/section><\/p><\/div><\/div><\/div><\/div><!-- close content main div --><\/div><\/div><div id='av_section_3'  class='avia-section main_color avia-section-default avia-no-border-styling  avia-full-stretch avia-bg-style-fixed  avia-builder-el-11  el_after_av_section  el_before_av_section  diag  av-minimum-height av-minimum-height-75  container_wrap fullsize' style='background-repeat: no-repeat; background-image: url(https:\/\/zubigune.org\/wp-content\/uploads\/2020\/04\/CHILE-2.jpg);background-attachment: fixed; background-position: center center;  '  data-section-bg-repeat='stretch' data-av_minimum_height_pc='75'><div class='container' ><div class='template-page content  av-content-full alpha units'><div class='post-entry post-entry-type-page post-entry-1058'><div class='entry-content-wrapper clearfix'><\/p>\n<\/div><\/div><\/div><!-- close content main div --><\/div><\/div><div id='av_section_4'  class='avia-section main_color avia-section-default avia-no-border-styling  avia-bg-style-scroll  avia-builder-el-12  el_after_av_section  el_before_av_section   container_wrap fullsize' style=' '  ><div class='container' ><div class='template-page content  av-content-full alpha units'><div class='post-entry post-entry-type-page post-entry-1058'><div class='entry-content-wrapper clearfix'>\n<div class=\"flex_column av_one_fourth  flex_column_div av-zero-column-padding first  avia-builder-el-13  el_before_av_one_half  avia-builder-el-first  \" style='border-radius:0px; '><\/div><div class=\"flex_column av_one_half  flex_column_div av-zero-column-padding   avia-builder-el-14  el_after_av_one_fourth  el_before_av_one_fourth  \" style='border-radius:0px; '><section class=\"av_textblock_section \"  itemscope=\"itemscope\" itemtype=\"https:\/\/schema.org\/CreativeWork\" ><div class='avia_textblock  '   itemprop=\"text\" ><h3 style=\"text-align: center;\">En las \u00faltimas convocatorias, ZubiGune Fundazioa ha participado en el desarrollo de los siguientes Certificados de Profesionalidad:<\/h3>\n<\/div><\/section><\/div><div class=\"flex_column av_one_fourth  flex_column_div av-zero-column-padding   avia-builder-el-16  el_after_av_one_half  el_before_av_one_half  \" style='border-radius:0px; '><\/div><div class=\"flex_column av_one_half  flex_column_div av-zero-column-padding first  avia-builder-el-17  el_after_av_one_fourth  el_before_av_one_half  column-top-margin\" style='border-radius:0px; '><section class=\"av_textblock_section \"  itemscope=\"itemscope\" itemtype=\"https:\/\/schema.org\/CreativeWork\" ><div class='avia_textblock  '   itemprop=\"text\" ><p><strong>2020:<\/strong><\/p>\n<ul>\n<li>Organizaci\u00f3n y Proyectos de Instalaciones Solares Fotovoltaicas (630 hrs)<\/li>\n<li>Organizaci\u00f3n y Proyectos de Instalaciones Solares T\u00e9rmicas (630 hrs)<\/li>\n<\/ul>\n<p><strong>2019<\/strong><\/p>\n<ul>\n<li>Desarrollo de competencias para la docencia en Educaci\u00f3n Media T\u00e9cnico Profesional (380 hrs)<\/li>\n<\/ul>\n<\/div><\/section><\/div><div class=\"flex_column av_one_half  flex_column_div av-zero-column-padding   avia-builder-el-19  el_after_av_one_half  avia-builder-el-last  column-top-margin\" style='border-radius:0px; '><section class=\"av_textblock_section \"  itemscope=\"itemscope\" itemtype=\"https:\/\/schema.org\/CreativeWork\" ><div class='avia_textblock  '   itemprop=\"text\" ><p><strong>2017:<\/strong><\/p>\n<ul>\n<li>Desarrollo de competencias para la docencia en Educaci\u00f3n Media T\u00e9cnico Profesional (380 hrs)<\/li>\n<li>Organizaci\u00f3n y Proyectos de Instalaciones Solares Fotovoltaicas (630 hrs)<\/li>\n<li>Eficiencia Energ\u00e9tica en Edificios (920 horas)<\/li>\n<\/ul>\n<\/div><\/section><\/div>\n\n<\/div><\/div><\/div><!-- close content main div --><\/div><\/div><div id='av_section_5'  class='avia-section main_color avia-section-default avia-no-border-styling  avia-full-stretch av-section-color-overlay-active avia-bg-style-fixed  avia-builder-el-21  el_after_av_section  avia-builder-el-last   av-minimum-height av-minimum-height-50  container_wrap fullsize' style='background-repeat: no-repeat; background-image: url(https:\/\/zubigune.org\/wp-content\/uploads\/2020\/04\/CHILE-1.jpg);background-attachment: fixed; background-position: center center;  '  data-section-bg-repeat='stretch' data-av_minimum_height_pc='50'><div class='av-section-color-overlay-wrap'><div class='av-section-color-overlay' style='opacity: 0.5; background-color: #0a0a0a; '><\/div><div class='container' ><div class='template-page content  av-content-full alpha units'><div class='post-entry post-entry-type-page post-entry-1058'><div class='entry-content-wrapper clearfix'>\n<section class=\"av_textblock_section \"  itemscope=\"itemscope\" itemtype=\"https:\/\/schema.org\/CreativeWork\" ><div class='avia_textblock  av_inherit_color '  style='font-size:27px; color:#ffffff; '  itemprop=\"text\" ><p style=\"text-align: center;\">Para m\u00e1s informaci\u00f3n:<\/p>\n<\/div><\/section>\n<div  class='avia-button-wrap avia-button-center  avia-builder-el-23  el_after_av_textblock  avia-builder-el-last ' ><a href='https:\/\/zubigune.org\/eu\/contacto\/'  class='avia-button av-icon-on-hover avia-color-theme-color   avia-icon_select-yes-right-icon avia-size-large avia-position-center '   ><span class='avia_iconbox_title' >CONTACTO<\/span><span class='avia_button_icon avia_button_icon_right' aria-hidden='true' data-av_icon='\ue875' data-av_iconfont='entypo-fontello'><\/span><\/a><\/div>\n\n","protected":false},"excerpt":{"rendered":"","protected":false},"author":2,"featured_media":0,"parent":0,"menu_order":0,"comment_status":"closed","ping_status":"closed","template":"","meta":{"_acf_changed":false,"footnotes":""},"acf":[],"_links":{"self":[{"href":"https:\/\/zubigune.org\/eu\/wp-json\/wp\/v2\/pages\/1058"}],"collection":[{"href":"https:\/\/zubigune.org\/eu\/wp-json\/wp\/v2\/pages"}],"about":[{"href":"https:\/\/zubigune.org\/eu\/wp-json\/wp\/v2\/types\/page"}],"author":[{"embeddable":true,"href":"https:\/\/zubigune.org\/eu\/wp-json\/wp\/v2\/users\/2"}],"replies":[{"embeddable":true,"href":"https:\/\/zubigune.org\/eu\/wp-json\/wp\/v2\/comments?post=1058"}],"version-history":[{"count":0,"href":"https:\/\/zubigune.org\/eu\/wp-json\/wp\/v2\/pages\/1058\/revisions"}],"wp:attachment":[{"href":"https:\/\/zubigune.org\/eu\/wp-json\/wp\/v2\/media?parent=1058"}],"curies":[{"name":"wp","href":"https:\/\/api.w.org\/{rel}","templated":true}]}}