{"id":1770,"date":"2020-10-04T22:44:08","date_gmt":"2020-10-04T20:44:08","guid":{"rendered":"https:\/\/zubigune.org\/companies\/aprendizaje-idiomas\/"},"modified":"2020-10-05T12:39:45","modified_gmt":"2020-10-05T10:39:45","slug":"aprendizaje-idiomas","status":"publish","type":"page","link":"https:\/\/zubigune.org\/en\/companies\/aprendizaje-idiomas\/","title":{"rendered":"Aprendizaje Idiomas"},"content":{"rendered":"<div id='av_section_1'  class='avia-section main_color avia-section-huge avia-no-border-styling  avia-full-stretch av-section-color-overlay-active avia-bg-style-fixed  avia-builder-el-0  el_before_av_textblock  avia-builder-el-first   av-minimum-height av-minimum-height-50  container_wrap fullsize' style='background-repeat: no-repeat; background-image: url(https:\/\/zubigune.org\/wp-content\/uploads\/2020\/10\/foto-lingua-passport-300x141.png);background-attachment: fixed; background-position: top center;  '  data-section-bg-repeat='stretch' data-av_minimum_height_pc='50'><div class='av-section-color-overlay-wrap'><div class='av-section-color-overlay' style='opacity: 0.5; background-color: #000000; '><\/div><div class='container' ><main  role=\"main\" itemprop=\"mainContentOfPage\"  class='template-page content  av-content-full alpha units'><div class='post-entry post-entry-type-page post-entry-1770'><div class='entry-content-wrapper clearfix'>\n<section class=\"av_textblock_section \"  itemscope=\"itemscope\" itemtype=\"https:\/\/schema.org\/CreativeWork\" ><div class='avia_textblock  av_inherit_color '  style='color:#ffffff; '  itemprop=\"text\" ><h1 style=\"text-align: center;\">Aprendizaje Idiomas<\/h1>\n<\/div><\/section>\n<div  style=' margin-top:0px; margin-bottom:30px;'  class='hr hr-custom hr-center hr-icon-no   avia-builder-el-2  el_after_av_textblock  el_before_av_one_fifth '><span class='hr-inner  inner-border-av-border-fat' style=' width:50px; border-color:#ffffff;' ><span class='hr-inner-style'><\/span><\/span><\/div>\n<div class=\"flex_column av_one_fifth  flex_column_div av-zero-column-padding first  avia-builder-el-3  el_after_av_hr  el_before_av_three_fifth  \" style='border-radius:0px; '><\/div><div class=\"flex_column av_three_fifth  flex_column_div av-zero-column-padding   avia-builder-el-4  el_after_av_one_fifth  el_before_av_one_fifth  \" style='border-radius:0px; '><section class=\"av_textblock_section \"  itemscope=\"itemscope\" itemtype=\"https:\/\/schema.org\/CreativeWork\" ><div class='avia_textblock  av_inherit_color '  style='font-size:20px; color:#ffffff; '  itemprop=\"text\" ><p style=\"text-align: center;\">Servicios ling\u00fc\u00edsticos adaptados a las necesidades de cada empresa.<br \/>\nA trav\u00e9s de nuestra plataforma e-learning.<\/p>\n<\/div><\/section><\/div><div class=\"flex_column av_one_fifth  flex_column_div av-zero-column-padding   avia-builder-el-6  el_after_av_three_fifth  el_before_av_hr  \" style='border-radius:0px; '><\/div><div  style='height:50px' class='hr hr-invisible   avia-builder-el-7  el_after_av_one_fifth  avia-builder-el-last '><span class='hr-inner ' ><span class='hr-inner-style'><\/span><\/span><\/div>\n<\/div><\/div><\/main><!-- close content main element --><\/div><div class='av-extra-border-element border-extra-diagonal border-extra-diagonal-inverse '><div class='av-extra-border-outer'><div class='av-extra-border-inner'  style='background-color:#ffffff;' ><\/div><\/div><\/div><\/div><\/div><div id='after_section_1'  class='main_color av_default_container_wrap container_wrap fullsize' style=' '  ><div class='container' ><div class='template-page content  av-content-full alpha units'><div class='post-entry post-entry-type-page post-entry-1770'><div class='entry-content-wrapper clearfix'>\n<section class=\"av_textblock_section \"  itemscope=\"itemscope\" itemtype=\"https:\/\/schema.org\/CreativeWork\" ><div class='avia_textblock  '   itemprop=\"text\" ><\/div><\/section>\n<\/div><\/div><\/div><!-- close content main div --><\/div><\/div><div id='av_section_2'  class='avia-section main_color avia-section-large avia-no-border-styling  avia-bg-style-scroll  avia-builder-el-9  el_after_av_textblock  el_before_av_layout_row   container_wrap fullsize' style=' '  ><div class='container' ><div class='template-page content  av-content-full alpha units'><div class='post-entry post-entry-type-page post-entry-1770'><div class='entry-content-wrapper clearfix'>\n<div class=\"flex_column av_one_half  flex_column_div av-zero-column-padding first  avia-builder-el-10  el_before_av_one_half  avia-builder-el-first  \" style='border-radius:0px; '><div  class='avia-image-container  av-styling- av-hover-grow   avia-builder-el-11  avia-builder-el-no-sibling  avia-align-center '  itemprop=\"image\" itemscope=\"itemscope\" itemtype=\"https:\/\/schema.org\/ImageObject\"  ><div class='avia-image-container-inner'><div class='avia-image-overlay-wrap'><a href='www.linguapassport.com' class='avia_image' target=\"_blank\" rel=\"noopener noreferrer\"><img decoding=\"async\" width=\"598\" height=\"485\" class='wp-image-1723 avia-img-lazy-loading-not-1723 avia_image' src=\"https:\/\/zubigune.org\/wp-content\/uploads\/2020\/10\/Aprendizaje-Idiomas.jpg\" alt='Aprendizaje Idiomas' title='Aprendizaje-Idiomas'  itemprop=\"thumbnailUrl\" srcset=\"https:\/\/zubigune.org\/wp-content\/uploads\/2020\/10\/Aprendizaje-Idiomas.jpg 598w, https:\/\/zubigune.org\/wp-content\/uploads\/2020\/10\/Aprendizaje-Idiomas-300x243.jpg 300w, https:\/\/zubigune.org\/wp-content\/uploads\/2020\/10\/Aprendizaje-Idiomas-495x400.jpg 495w\" sizes=\"(max-width: 598px) 100vw, 598px\" \/><\/a><\/div><\/div><\/div><\/div><div class=\"flex_column av_one_half  flex_column_div av-zero-column-padding   avia-builder-el-12  el_after_av_one_half  avia-builder-el-last  \" style='border-radius:0px; '><section class=\"av_textblock_section \"  itemscope=\"itemscope\" itemtype=\"https:\/\/schema.org\/CreativeWork\" ><div class='avia_textblock  '   itemprop=\"text\" ><h2>\u00bfQuieres dar el primer paso para crecer?:<\/h2>\n<p>\u2705Realizaremos una auditor\u00eda ling\u00fc\u00edstica de tu organizaci\u00f3n sin ning\u00fan compromiso.<br \/>\n\u2705 Conocer\u00e1s las competencias ling\u00fc\u00edsticas y el nivel de tus trabajadores.<br \/>\n\u2705 Recibir\u00e9is formaci\u00f3n especializada y adaptada a vuestro sector.<br \/>\n\u2705 Los participantes mantendr\u00e1n su motivaci\u00f3n gracias a nuestros tutores reconocidos y sentir\u00e1n su apoyo durante su formaci\u00f3n.<br \/>\n\u2705 Dispondr\u00e9is de una plataforma compatible con SCORM de aprendizaje donde cada empleado podr\u00e1 aprender a su ritmo, pero con los objetivos establecidos por la organizaci\u00f3n.<\/p>\n<p>\u2705 Bonificable mediante FUNDAE (Tripartita).<\/p>\n<\/div><\/section><\/div>\n\n<\/div><\/div><\/div><!-- close content main div --><\/div><\/div><div id='av-layout-grid-1'  class='av-layout-grid-container entry-content-wrapper main_color av-flex-cells av-break-at-tablet    avia-builder-el-14  el_after_av_section  el_before_av_section  av-cell-min-height av-cell-min-height-50 submenu-not-first container_wrap fullsize' style=' '   data-av_minimum_height_pc='50'>\n<a class=\"av-screen-reader-only\" href=\"www.linguapassport.com\/cursos-generales\" target=\"_blank\" rel=\"noopener\">Follow a manual added link<\/a><div class=\"flex_cell no_margin av_one_half  avia-builder-el-15  el_before_av_cell_one_half  avia-builder-el-first   avia-full-stretch avia-link-column av-cell-link \"  style='background:url(https:\/\/zubigune.org\/wp-content\/uploads\/2020\/10\/shutterstock_1147848674-scaled-300x200.jpg) center center no-repeat scroll; vertical-align:middle; padding:6%; '  data-link-column-url=\"www.linguapassport.com\/cursos-generales\"  data-link-column-target=\"_blank\" ><div class='flex_cell_inner' ><div class=\"flex_column av_one_full  flex_column_div avia-link-column av-column-link first  avia-builder-el-16  avia-builder-el-no-sibling  \" style='background: rgba(255,255,255,0.8); padding:30px; background-color:rgba(255,255,255,0.8); border-radius:0px; ' data-link-column-url=\"http:\/\/www.linguapassport.com\/cursos-generales\/\"  data-link-column-target=\"_blank\" ><a class=\"av-screen-reader-only\" href=\"http:\/\/www.linguapassport.com\/cursos-generales\/\" target=\"_blank\" rel=\"noopener\">Follow a manual added link<\/a><section class=\"av_textblock_section \"  itemscope=\"itemscope\" itemtype=\"https:\/\/schema.org\/CreativeWork\" ><div class='avia_textblock  av_inherit_color '   itemprop=\"text\" ><h3 style=\"text-align: center;\">CURSOS GEN\u00c9RICOS<\/h3>\n<p style=\"text-align: center;\"><strong>\u2705 Ingl\u00e9s<\/strong><\/p>\n<p style=\"text-align: center;\"><strong>\u2705 Franc\u00e9s<\/strong><\/p>\n<p style=\"text-align: center;\"><strong>\u2705 Euskara<\/strong><\/p>\n<p style=\"text-align: center;\"><strong>\u2705 Alem\u00e1n<\/strong><\/p>\n<p style=\"text-align: center;\"><strong>\u2705 Espa\u00f1ol para extranjeros<\/strong><\/p>\n<\/div><\/section><\/div>\n<\/div><\/div><a class=\"av-screen-reader-only\" href=\"www.linguapassport.com\/cursos-especificos\" target=\"_blank\" rel=\"noopener\">Follow a manual added link<\/a><div class=\"flex_cell no_margin av_one_half  avia-builder-el-18  el_after_av_cell_one_half  avia-builder-el-last   avia-full-stretch avia-link-column av-cell-link \"  style='background:url(https:\/\/zubigune.org\/wp-content\/uploads\/2020\/05\/formacion-online-300x204.jpg) center center no-repeat scroll; vertical-align:middle; padding:6%; '  data-link-column-url=\"www.linguapassport.com\/cursos-especificos\"  data-link-column-target=\"_blank\" ><div class='flex_cell_inner' ><div class=\"flex_column av_one_full  flex_column_div avia-link-column av-column-link first  avia-builder-el-19  avia-builder-el-no-sibling  \" style='background: rgba(255,255,255,0.8); padding:30px; background-color:rgba(255,255,255,0.8); border-radius:0px; ' data-link-column-url=\"www.linguapassport.com\/cursos-especificos\/\"  data-link-column-target=\"_blank\" ><a class=\"av-screen-reader-only\" href=\"www.linguapassport.com\/cursos-especificos\/\" target=\"_blank\" rel=\"noopener\">Follow a manual added link<\/a><section class=\"av_textblock_section \"  itemscope=\"itemscope\" itemtype=\"https:\/\/schema.org\/CreativeWork\" ><div class='avia_textblock  av_inherit_color '   itemprop=\"text\" ><h3 style=\"text-align: center;\">CURSOS ESPEC\u00cdFICOS<\/h3>\n<h4 style=\"text-align: center;\">Para adquirir vocabulario y expresiones t\u00e9cnicas que te permitan interactuar eficazmente en el idioma elegido.<\/h4>\n<p style=\"text-align: center;\"><strong>Administraci\u00f3n<\/strong><\/p>\n<p style=\"text-align: center;\"><strong>Comercio<\/strong><\/p>\n<p style=\"text-align: center;\"><strong>Fabricaci\u00f3n Mec\u00e1nica<\/strong><\/p>\n<p style=\"text-align: center;\"><strong>Electricidad<\/strong><\/p>\n<p style=\"text-align: center;\"><strong>Hosteler\u00eda<\/strong><\/p>\n<p style=\"text-align: center;\"><strong>Enfermer\u00eda<\/strong><\/p>\n<\/div><\/section><\/div>\n<\/div><\/div>\n<\/div>\n<div id='av_section_3'  class='avia-section main_color avia-section-default avia-no-border-styling  avia-full-stretch av-section-color-overlay-active avia-bg-style-fixed  avia-builder-el-21  el_after_av_layout_row  avia-builder-el-last  diag2  av-minimum-height av-minimum-height-50  container_wrap fullsize' style='background-repeat: no-repeat; background-image: url(https:\/\/zubigune.org\/wp-content\/uploads\/2020\/04\/Formaci\u00f3n-online-1.jpg);background-attachment: fixed; background-position: top center;  '  data-section-bg-repeat='stretch' data-av_minimum_height_pc='50'><div class='av-section-color-overlay-wrap'><div class='av-section-color-overlay' style='opacity: 0.5; background-color: #0a0a0a; '><\/div><div class='container' ><div class='template-page content  av-content-full alpha units'><div class='post-entry post-entry-type-page post-entry-1770'><div class='entry-content-wrapper clearfix'>\n<section class=\"av_textblock_section \"  itemscope=\"itemscope\" itemtype=\"https:\/\/schema.org\/CreativeWork\" ><div class='avia_textblock  av_inherit_color '  style='font-size:27px; color:#ffffff; '  itemprop=\"text\" ><p style=\"text-align: center;\">Descubre toda la oferta de cursos gen\u00e9ricos y especializados,<\/p>\n<p style=\"text-align: center;\">adaptados a diferentes sectores:<\/p>\n<\/div><\/section>\n<div  class='avia-button-wrap avia-button-center  avia-builder-el-23  el_after_av_textblock  avia-builder-el-last ' ><a href='www.linguapassport.com' class='avia-button av-icon-on-hover avia-color-theme-color   avia-icon_select-yes-right-icon avia-size-large avia-position-center ' target=\"_blank\" rel=\"noopener noreferrer\"><span class='avia_iconbox_title' >www.linguapassport.com<\/span><span class='avia_button_icon avia_button_icon_right' aria-hidden='true' data-av_icon='\ue875' data-av_iconfont='entypo-fontello'><\/span><\/a><\/div>\n\n","protected":false},"excerpt":{"rendered":"","protected":false},"author":2,"featured_media":0,"parent":1189,"menu_order":2,"comment_status":"closed","ping_status":"closed","template":"","meta":{"_acf_changed":false,"footnotes":""},"acf":[],"_links":{"self":[{"href":"https:\/\/zubigune.org\/en\/wp-json\/wp\/v2\/pages\/1770"}],"collection":[{"href":"https:\/\/zubigune.org\/en\/wp-json\/wp\/v2\/pages"}],"about":[{"href":"https:\/\/zubigune.org\/en\/wp-json\/wp\/v2\/types\/page"}],"author":[{"embeddable":true,"href":"https:\/\/zubigune.org\/en\/wp-json\/wp\/v2\/users\/2"}],"replies":[{"embeddable":true,"href":"https:\/\/zubigune.org\/en\/wp-json\/wp\/v2\/comments?post=1770"}],"version-history":[{"count":1,"href":"https:\/\/zubigune.org\/en\/wp-json\/wp\/v2\/pages\/1770\/revisions"}],"predecessor-version":[{"id":1772,"href":"https:\/\/zubigune.org\/en\/wp-json\/wp\/v2\/pages\/1770\/revisions\/1772"}],"up":[{"embeddable":true,"href":"https:\/\/zubigune.org\/en\/wp-json\/wp\/v2\/pages\/1189"}],"wp:attachment":[{"href":"https:\/\/zubigune.org\/en\/wp-json\/wp\/v2\/media?parent=1770"}],"curies":[{"name":"wp","href":"https:\/\/api.w.org\/{rel}","templated":true}]}}