{"id":1187,"date":"2019-12-04T19:36:11","date_gmt":"2019-12-04T18:36:11","guid":{"rendered":"https:\/\/35.214.243.227\/~nadifix9\/zubigune\/internacional\/"},"modified":"2022-06-07T12:03:50","modified_gmt":"2022-06-07T10:03:50","slug":"international","status":"publish","type":"page","link":"https:\/\/zubigune.org\/en\/international\/","title":{"rendered":"International"},"content":{"rendered":"<div id='av_section_1'  class='avia-section main_color avia-section-large avia-no-border-styling  avia-full-stretch av-section-color-overlay-active avia-bg-style-fixed  avia-builder-el-0  el_before_av_section  avia-builder-el-first   av-minimum-height av-minimum-height-50  container_wrap fullsize' style='background-repeat: no-repeat; background-image: url(https:\/\/zubigune.org\/wp-content\/uploads\/2020\/05\/iNTERNACIONAL.jpg);background-attachment: fixed; background-position: center center;  '  data-section-bg-repeat='stretch' data-av_minimum_height_pc='50'><div class='av-section-color-overlay-wrap'><div class='av-section-color-overlay' style='opacity: 0.5; background-color: #000000; '><\/div><div class='container' ><main  role=\"main\" itemprop=\"mainContentOfPage\"  class='template-page content  av-content-full alpha units'><div class='post-entry post-entry-type-page post-entry-1187'><div class='entry-content-wrapper clearfix'>\n<section class=\"av_textblock_section \"  itemscope=\"itemscope\" itemtype=\"https:\/\/schema.org\/CreativeWork\" ><div class='avia_textblock  av_inherit_color '  style='color:#ffffff; '  itemprop=\"text\" ><h1 style=\"text-align: center;\">Internacional<\/h1>\n<\/div><\/section>\n<div  style=' margin-top:0px; margin-bottom:30px;'  class='hr hr-custom hr-center hr-icon-no   avia-builder-el-2  el_after_av_textblock  el_before_av_one_fifth '><span class='hr-inner  inner-border-av-border-fat' style=' width:50px; border-color:#ffffff;' ><span class='hr-inner-style'><\/span><\/span><\/div>\n<div class=\"flex_column av_one_fifth  flex_column_div av-zero-column-padding first  avia-builder-el-3  el_after_av_hr  el_before_av_three_fifth  \" style='border-radius:0px; '><\/div><div class=\"flex_column av_three_fifth  flex_column_div av-zero-column-padding   avia-builder-el-4  el_after_av_one_fifth  el_before_av_one_fifth  \" style='border-radius:0px; '><section class=\"av_textblock_section \"  itemscope=\"itemscope\" itemtype=\"https:\/\/schema.org\/CreativeWork\" ><div class='avia_textblock  av_inherit_color '  style='color:#ffffff; '  itemprop=\"text\" ><h2 style=\"text-align: center;\">La formaci\u00f3n profesional de Euskadi lleva a\u00f1os siendo referente a nivel mundial por su buen hacer.<\/h2>\n<\/div><\/section><\/div><div class=\"flex_column av_one_fifth  flex_column_div av-zero-column-padding   avia-builder-el-6  el_after_av_three_fifth  avia-builder-el-last  \" style='border-radius:0px; '><\/div>\n\n<\/div><\/div><\/main><!-- close content main element --><\/div><div class='av-extra-border-element border-extra-diagonal border-extra-diagonal-inverse '><div class='av-extra-border-outer'><div class='av-extra-border-inner'  style='background-color:#ffffff;' ><\/div><\/div><\/div><\/div><\/div><div id='av_section_2'  class='avia-section main_color avia-section-default avia-no-border-styling  avia-bg-style-scroll  avia-builder-el-7  el_after_av_section  el_before_av_section   container_wrap fullsize' style=' '  ><div class='container' ><div class='template-page content  av-content-full alpha units'><div class='post-entry post-entry-type-page post-entry-1187'><div class='entry-content-wrapper clearfix'>\n<div class=\"flex_column av_one_fifth  flex_column_div av-zero-column-padding first  avia-builder-el-8  el_before_av_three_fifth  avia-builder-el-first  \" style='border-radius:0px; '><\/div><div class=\"flex_column av_three_fifth  av-animated-generic left-to-right  flex_column_div av-zero-column-padding   avia-builder-el-9  el_after_av_one_fifth  el_before_av_one_fifth  \" style='border-radius:0px; '><p><section class=\"av_textblock_section \"  itemscope=\"itemscope\" itemtype=\"https:\/\/schema.org\/CreativeWork\" ><div class='avia_textblock  '   itemprop=\"text\" ><p>Desde<strong> ZubiGune Fundazioa<\/strong> impulsamos activamente actividades, cursos,\u00a0 programas y colaboraciones internacionales. La actividad internacional se desarrolla de distintas maneras:<\/p>\n<ul>\n<li>En colaboraci\u00f3n acerca de cooperaci\u00f3n educacional, cient\u00edfica y tecnol\u00f3gica entre el Ministerio de Educaci\u00f3n del Gobierno de Chile y la Vice-consejer\u00eda de Formaci\u00f3n Profesional del Departamento de Educaci\u00f3n, Pol\u00edtica Ling\u00fc\u00edstica y Cultura del Gobierno Vasco (\u201cT\u00e9cnicos para Chile\u201d).<\/li>\n<li>Acuerdo entre el estado mexicano de Guanajuato, el\u00a0Grupo SPRI\u00a0y la Diputaci\u00f3n Foral de Gipuzkoa (\u201cCSF M\u00e9jico\u201d).<\/li>\n<li>Cursos de especializaci\u00f3n (cursos de verano\u2026)<\/li>\n<li>Dise\u00f1o de cursos a medida dirigidos a estudiantes y profesores en colaboraci\u00f3n con otras Universidades y Centros de Formaci\u00f3n (FLATE, Tecnun).<\/li>\n<\/ul>\n<\/div><\/section><br \/>\n<div  style='height:50px' class='hr hr-invisible   avia-builder-el-11  el_after_av_textblock  avia-builder-el-last '><span class='hr-inner ' ><span class='hr-inner-style'><\/span><\/span><\/div><\/p><\/div><div class=\"flex_column av_one_fifth  flex_column_div av-zero-column-padding   avia-builder-el-12  el_after_av_three_fifth  el_before_av_textblock  \" style='border-radius:0px; '><\/div><section class=\"av_textblock_section \"  itemscope=\"itemscope\" itemtype=\"https:\/\/schema.org\/CreativeWork\" ><div class='avia_textblock  '   itemprop=\"text\" ><h2 style=\"text-align: center;\">Cursos de<br \/>\nEspecializaci\u00f3n.<\/h2>\n<\/div><\/section>\n<div  style=' margin-top:0px; margin-bottom:10px;'  class='hr hr-custom hr-center hr-icon-no   avia-builder-el-14  el_after_av_textblock  el_before_av_one_fifth '><span class='hr-inner  inner-border-av-border-fat' style=' width:50px; border-color:#ff9500;' ><span class='hr-inner-style'><\/span><\/span><\/div>\n<div class=\"flex_column av_one_fifth  av-animated-generic left-to-right  flex_column_div av-zero-column-padding first  avia-builder-el-15  el_after_av_hr  el_before_av_three_fifth  \" style='border-radius:0px; '><\/div><div class=\"flex_column av_three_fifth  av-animated-generic left-to-right  flex_column_div av-zero-column-padding   avia-builder-el-16  el_after_av_one_fifth  el_before_av_one_fifth  \" style='border-radius:0px; '><section class=\"av_textblock_section \"  itemscope=\"itemscope\" itemtype=\"https:\/\/schema.org\/CreativeWork\" ><div class='avia_textblock  '   itemprop=\"text\" ><p style=\"text-align: center;\">Confiando que la situaci\u00f3n ante el COVID-19 haya mejorado y se permita realizar esta actividad, este verano estamos impulsando los siguientes Cursos de Especializaci\u00f3n:<\/p>\n<\/div><\/section><br \/>\n<div  style='height:30px' class='hr hr-invisible   avia-builder-el-18  el_after_av_textblock  avia-builder-el-last '><span class='hr-inner ' ><span class='hr-inner-style'><\/span><\/span><\/div><\/p><\/div><div class=\"flex_column av_one_fifth  av-animated-generic left-to-right  flex_column_div av-zero-column-padding   avia-builder-el-19  el_after_av_three_fifth  el_before_av_one_fourth  \" style='border-radius:0px; '><\/div><div class=\"flex_column av_one_third  flex_column_div av-zero-column-padding avia-link-column av-column-link avia-link-column-hover first  \" style='border-radius:0px; ' data-link-column-url=\"https:\/\/zubigune.org\/wp-content\/uploads\/2022\/06\/International-summer-course-2022_.pdf\"  data-link-column-target=\"_blank\" ><a class=\"av-screen-reader-only\" href=\"https:\/\/zubigune.org\/wp-content\/uploads\/2022\/06\/International-summer-course-2022_.pdf\" target=\"_blank\" rel=\"noopener\">Follow a manual added link<\/a><p><div  class='avia-image-container  av-styling-    avia-align-center '  itemprop=\"image\" itemscope=\"itemscope\" itemtype=\"https:\/\/schema.org\/ImageObject\"  ><div class='avia-image-container-inner'><div class='avia-image-overlay-wrap'><img decoding=\"async\" class='wp-image-2435 avia-img-lazy-loading-not-2435 avia_image' src=\"https:\/\/zubigune.org\/wp-content\/uploads\/2022\/06\/portada_international_summer_course_22-728x1030.png\" alt='international summer course 2022' title='portada_international_summer_course_22' height=\"1030\" width=\"728\"  itemprop=\"thumbnailUrl\" srcset=\"https:\/\/zubigune.org\/wp-content\/uploads\/2022\/06\/portada_international_summer_course_22-728x1030.png 728w, https:\/\/zubigune.org\/wp-content\/uploads\/2022\/06\/portada_international_summer_course_22-212x300.png 212w, https:\/\/zubigune.org\/wp-content\/uploads\/2022\/06\/portada_international_summer_course_22-768x1086.png 768w, https:\/\/zubigune.org\/wp-content\/uploads\/2022\/06\/portada_international_summer_course_22-498x705.png 498w, https:\/\/zubigune.org\/wp-content\/uploads\/2022\/06\/portada_international_summer_course_22-600x849.png 600w, https:\/\/zubigune.org\/wp-content\/uploads\/2022\/06\/portada_international_summer_course_22.png 893w\" sizes=\"(max-width: 728px) 100vw, 728px\" \/><\/div><\/div><\/div><br \/>\n<section class=\"av_textblock_section \"  itemscope=\"itemscope\" itemtype=\"https:\/\/schema.org\/CreativeWork\" ><div class='avia_textblock  '   itemprop=\"text\" ><p style=\"text-align: center;\">INTERNATIONAL SUMMER COURSE IN<br \/>\nRENEWABLE ENERGIES<br \/>\nJULY 2022, ENGLISH<\/p>\n<\/div><\/section><\/p><\/div><div class=\"flex_column av_one_third  flex_column_div av-zero-column-padding avia-link-column av-column-link avia-link-column-hover   \" style='border-radius:0px; ' data-link-column-url=\"https:\/\/zubigune.org\/wp-content\/uploads\/2020\/05\/International-Summer-Course-2020_Renewable-Energies.pdf\"  data-link-column-target=\"_blank\" ><a class=\"av-screen-reader-only\" href=\"https:\/\/zubigune.org\/wp-content\/uploads\/2020\/05\/International-Summer-Course-2020_Renewable-Energies.pdf\" target=\"_blank\" rel=\"noopener\">Follow a manual added link<\/a><p><div  class='avia-image-container  av-styling-    avia-align-center '  itemprop=\"image\" itemscope=\"itemscope\" itemtype=\"https:\/\/schema.org\/ImageObject\"  ><div class='avia-image-container-inner'><div class='avia-image-overlay-wrap'><img decoding=\"async\" class='wp-image-1316 avia-img-lazy-loading-not-1316 avia_image' src=\"https:\/\/zubigune.org\/wp-content\/uploads\/2020\/05\/renewables-english.png\" alt='' title='renewables english' height=\"552\" width=\"420\"  itemprop=\"thumbnailUrl\" srcset=\"https:\/\/zubigune.org\/wp-content\/uploads\/2020\/05\/renewables-english.png 420w, https:\/\/zubigune.org\/wp-content\/uploads\/2020\/05\/renewables-english-228x300.png 228w\" sizes=\"(max-width: 420px) 100vw, 420px\" \/><\/div><\/div><\/div><br \/>\n<section class=\"av_textblock_section \"  itemscope=\"itemscope\" itemtype=\"https:\/\/schema.org\/CreativeWork\" ><div class='avia_textblock  '   itemprop=\"text\" ><p style=\"text-align: center;\">SPECIALIZATION COURSE IN<br \/>\nRENEWABLE ENERGIES<br \/>\nJULY 2020, ENGLISH<\/p>\n<\/div><\/section><\/p><\/div><div class=\"flex_column av_one_third  flex_column_div av-zero-column-padding avia-link-column av-column-link avia-link-column-hover   \" style='border-radius:0px; ' data-link-column-url=\"https:\/\/zubigune.org\/wp-content\/uploads\/2020\/05\/International-Summer-Course-2020_NET-ZERO-Buildings.pdf\"  data-link-column-target=\"_blank\" ><a class=\"av-screen-reader-only\" href=\"https:\/\/zubigune.org\/wp-content\/uploads\/2020\/05\/International-Summer-Course-2020_NET-ZERO-Buildings.pdf\" target=\"_blank\" rel=\"noopener\">Follow a manual added link<\/a><p><div  class='avia-image-container  av-styling-    avia-align-center '  itemprop=\"image\" itemscope=\"itemscope\" itemtype=\"https:\/\/schema.org\/ImageObject\"  ><div class='avia-image-container-inner'><div class='avia-image-overlay-wrap'><img decoding=\"async\" class='wp-image-1314 avia-img-lazy-loading-not-1314 avia_image' src=\"https:\/\/zubigune.org\/wp-content\/uploads\/2020\/05\/NZEB-english.png\" alt='' title='NZEB english' height=\"588\" width=\"419\"  itemprop=\"thumbnailUrl\" srcset=\"https:\/\/zubigune.org\/wp-content\/uploads\/2020\/05\/NZEB-english.png 419w, https:\/\/zubigune.org\/wp-content\/uploads\/2020\/05\/NZEB-english-214x300.png 214w\" sizes=\"(max-width: 419px) 100vw, 419px\" \/><\/div><\/div><\/div><br \/>\n<section class=\"av_textblock_section \"  itemscope=\"itemscope\" itemtype=\"https:\/\/schema.org\/CreativeWork\" ><div class='avia_textblock  '   itemprop=\"text\" ><p style=\"text-align: center;\">SPECIALIZATION COURSE IN<br \/>\nNET ZERO ENERGY BUILDING (NZEB)<br \/>\nJULY 2020, ENGLISH<\/p>\n<\/div><\/section><\/p><\/div><div class=\"flex_column av_one_third  av-animated-generic pop-up  flex_column_div av-zero-column-padding avia-link-column av-column-link avia-link-column-hover first  \" style='border-radius:0px; ' data-link-column-url=\"https:\/\/zubigune.org\/wp-content\/uploads\/2020\/05\/Ficha-Curso-Energias-Renovables-2020_comprimido.pdf\"  data-link-column-target=\"_blank\" ><a class=\"av-screen-reader-only\" href=\"https:\/\/zubigune.org\/wp-content\/uploads\/2020\/05\/Ficha-Curso-Energias-Renovables-2020_comprimido.pdf\" target=\"_blank\" rel=\"noopener\">Follow a manual added link<\/a><p><div  class='avia-image-container  av-styling-    avia-align-center '  itemprop=\"image\" itemscope=\"itemscope\" itemtype=\"https:\/\/schema.org\/ImageObject\"  ><div class='avia-image-container-inner'><div class='avia-image-overlay-wrap'><img decoding=\"async\" class='wp-image-1317 avia-img-lazy-loading-not-1317 avia_image' src=\"https:\/\/zubigune.org\/wp-content\/uploads\/2020\/05\/renovables-espa\u00f1ol.png\" alt='' title='renovables espa\u00f1ol' height=\"599\" width=\"416\"  itemprop=\"thumbnailUrl\" srcset=\"https:\/\/zubigune.org\/wp-content\/uploads\/2020\/05\/renovables-espa\u00f1ol.png 416w, https:\/\/zubigune.org\/wp-content\/uploads\/2020\/05\/renovables-espa\u00f1ol-208x300.png 208w\" sizes=\"(max-width: 416px) 100vw, 416px\" \/><\/div><\/div><\/div><br \/>\n<section class=\"av_textblock_section \"  itemscope=\"itemscope\" itemtype=\"https:\/\/schema.org\/CreativeWork\" ><div class='avia_textblock  '   itemprop=\"text\" ><p style=\"text-align: center;\">CURSO DE ESPECIALIZACI\u00d3N EN<br \/>\nENERG\u00cdAS RENOVABLES<br \/>\nJULIO 2020, CASTELLANO<\/p>\n<\/div><\/section><\/p><\/div><div class=\"flex_column av_one_third  flex_column_div av-zero-column-padding avia-link-column av-column-link avia-link-column-hover   \" style='border-radius:0px; ' data-link-column-url=\"https:\/\/zubigune.org\/wp-content\/uploads\/2020\/05\/ES_Curso-NetZero_EnEffiency-2020-1.pdf\"  data-link-column-target=\"_blank\" ><a class=\"av-screen-reader-only\" href=\"https:\/\/zubigune.org\/wp-content\/uploads\/2020\/05\/ES_Curso-NetZero_EnEffiency-2020-1.pdf\" target=\"_blank\" rel=\"noopener\">Follow a manual added link<\/a><p><div  class='avia-image-container  av-styling-    avia-align-center '  itemprop=\"image\" itemscope=\"itemscope\" itemtype=\"https:\/\/schema.org\/ImageObject\"  ><div class='avia-image-container-inner'><div class='avia-image-overlay-wrap'><img decoding=\"async\" class='wp-image-1315 avia-img-lazy-loading-not-1315 avia_image' src=\"https:\/\/zubigune.org\/wp-content\/uploads\/2020\/05\/NZEB-espa\u00f1ol.png\" alt='' title='NZEB espa\u00f1ol' height=\"585\" width=\"415\"  itemprop=\"thumbnailUrl\" srcset=\"https:\/\/zubigune.org\/wp-content\/uploads\/2020\/05\/NZEB-espa\u00f1ol.png 415w, https:\/\/zubigune.org\/wp-content\/uploads\/2020\/05\/NZEB-espa\u00f1ol-213x300.png 213w\" sizes=\"(max-width: 415px) 100vw, 415px\" \/><\/div><\/div><\/div><br \/>\n<section class=\"av_textblock_section \"  itemscope=\"itemscope\" itemtype=\"https:\/\/schema.org\/CreativeWork\" ><div class='avia_textblock  '   itemprop=\"text\" ><p style=\"text-align: center;\">CURSO DE ESPECIALIZACI\u00d3N EN<br \/>\nEDIFICIOS ENERG\u00cdA CERO (EEC)<br \/>\nJULIO 2020, CASTELLANO<\/p>\n<\/div><\/section><\/p><\/div><\/div><\/div><\/div><!-- close content main div --><\/div><\/div><div id='av_section_3'  class='avia-section main_color avia-section-default avia-no-border-styling  avia-full-stretch av-section-color-overlay-active avia-bg-style-fixed   av-minimum-height av-minimum-height-50  container_wrap fullsize' style='background-repeat: no-repeat; background-image: url(https:\/\/zubigune.org\/wp-content\/uploads\/2020\/05\/FALDON-INTERNACIONAL-1.jpg);background-attachment: fixed; background-position: center center;  '  data-section-bg-repeat='stretch' data-av_minimum_height_pc='50'><div class='av-section-color-overlay-wrap'><div class='av-section-color-overlay' style='opacity: 0.5; background-color: #0a0a0a; '><\/div><div class='container' ><div class='template-page content  av-content-full alpha units'><div class='post-entry post-entry-type-page post-entry-1187'><div class='entry-content-wrapper clearfix'>\n<section class=\"av_textblock_section \"  itemscope=\"itemscope\" itemtype=\"https:\/\/schema.org\/CreativeWork\" ><div class='avia_textblock  av_inherit_color '  style='font-size:27px; color:#ffffff; '  itemprop=\"text\" ><p style=\"text-align: center;\">Contacta con Zubigune:<\/p>\n<\/div><\/section>\n<div  class='avia-button-wrap avia-button-center ' ><a href='mailto:mail&#116;&#111;&#58;&#105;&#110;&#x66;&#x6f;&#x40;&#x7a;&#x75;&#x62;&#x69;gune&#46;&#111;&#114;&#103;'  class='avia-button av-icon-on-hover avia-color-theme-color   avia-icon_select-yes-right-icon avia-size-large avia-position-center '   ><span class='avia_iconbox_title' >&#x69;&#110;&#102;o&#x40;&#x7a;&#117;b&#x69;&#x67;&#117;n&#x65;&#x2e;&#111;r&#x67;<\/span><span class='avia_button_icon avia_button_icon_right' aria-hidden='true' data-av_icon='\ue875' data-av_iconfont='entypo-fontello'><\/span><\/a><\/div>\n<\/p>\n","protected":false},"excerpt":{"rendered":"","protected":false},"author":2,"featured_media":0,"parent":0,"menu_order":0,"comment_status":"closed","ping_status":"closed","template":"","meta":{"_acf_changed":false,"footnotes":""},"acf":[],"_links":{"self":[{"href":"https:\/\/zubigune.org\/en\/wp-json\/wp\/v2\/pages\/1187"}],"collection":[{"href":"https:\/\/zubigune.org\/en\/wp-json\/wp\/v2\/pages"}],"about":[{"href":"https:\/\/zubigune.org\/en\/wp-json\/wp\/v2\/types\/page"}],"author":[{"embeddable":true,"href":"https:\/\/zubigune.org\/en\/wp-json\/wp\/v2\/users\/2"}],"replies":[{"embeddable":true,"href":"https:\/\/zubigune.org\/en\/wp-json\/wp\/v2\/comments?post=1187"}],"version-history":[{"count":4,"href":"https:\/\/zubigune.org\/en\/wp-json\/wp\/v2\/pages\/1187\/revisions"}],"predecessor-version":[{"id":2450,"href":"https:\/\/zubigune.org\/en\/wp-json\/wp\/v2\/pages\/1187\/revisions\/2450"}],"wp:attachment":[{"href":"https:\/\/zubigune.org\/en\/wp-json\/wp\/v2\/media?parent=1187"}],"curies":[{"name":"wp","href":"https:\/\/api.w.org\/{rel}","templated":true}]}}